{"id":77,"date":"2022-04-27T00:09:20","date_gmt":"2022-04-27T00:09:20","guid":{"rendered":"http:\/\/web.produccioneshosana.com\/?page_id=77"},"modified":"2025-10-16T23:21:18","modified_gmt":"2025-10-17T05:21:18","slug":"contactos","status":"publish","type":"page","link":"http:\/\/web.produccioneshosana.com\/?page_id=77","title":{"rendered":"Mensaje Semanal"},"content":{"rendered":"<p><span style=\"font-size: 14pt; color: #000080;\"><strong>La Palabra de Dios: Combustible para tu alma.<\/strong><\/span><\/p>\r\n<p style=\"text-align: justify;\">En un mundo lleno de ruido, escuchar la Palabra de Dios es como ponerle GPS a tu vida. Es gu\u00eda, es verdad, es vida. Cuando meditas en ella, no solo llenas tu mente de sabidur\u00eda, llen\u00e1s tu coraz\u00f3n de prop\u00f3sito y paz!\u00a0 Y lo mejor&#8230; \u00a1no ten\u00e9s que perd\u00e9rtela!<\/p>\r\n<p style=\"text-align: justify;\">Cada domingo, transmitimos EN VIVO las predicaciones desde el auditorio de Comunidad Cristiana Hosana, y si te las perdiste o quer\u00e9s volver a escucharlas, aqu\u00ed en nuestra p\u00e1gina pod\u00e9s encontrarlas todas. \u00a1Para que la Palabra siga hablando a tu vida toda la semana!<\/p>\r\n<p style=\"text-align: justify;\">Escuch\u00e1, compart\u00ed y deja que Dios transforme tu d\u00eda, un mensaje a la vez.<\/p>\r\n\r\n<figure class=\"wp-block-audio\"><audio src=\"http:\/\/doc.produccioneshosana.com\/audio\/CaracterdeCristo.mp3\" controls=\"controls\"><\/audio>\r\n<figcaption>Tema | El Car\u00e1cter de Cristo en nosotros<br \/>Tema Predicado por el pastor Eduardo Valerio<\/figcaption>\r\n<\/figure>\r\n\r\n<p>Esperamos que sea de bendici\u00f3n para su vida.<\/p>\r\n","protected":false},"excerpt":{"rendered":"<p>La Palabra de Dios: Combustible para tu alma. En un mundo lleno de ruido, escuchar la Palabra de Dios es como ponerle GPS a tu vida. Es gu\u00eda, es verdad, es vida. Cuando meditas en ella, no solo llenas tu mente de sabidur\u00eda, llen\u00e1s tu coraz\u00f3n de prop\u00f3sito y paz!\u00a0 Y lo mejor&#8230; \u00a1no ten\u00e9s [&hellip;]<\/p>\n","protected":false},"author":1,"featured_media":92,"parent":0,"menu_order":0,"comment_status":"closed","ping_status":"closed","template":"","meta":{"footnotes":""},"class_list":["post-77","page","type-page","status-publish","has-post-thumbnail","hentry"],"_links":{"self":[{"href":"http:\/\/web.produccioneshosana.com\/index.php?rest_route=\/wp\/v2\/pages\/77","targetHints":{"allow":["GET"]}}],"collection":[{"href":"http:\/\/web.produccioneshosana.com\/index.php?rest_route=\/wp\/v2\/pages"}],"about":[{"href":"http:\/\/web.produccioneshosana.com\/index.php?rest_route=\/wp\/v2\/types\/page"}],"author":[{"embeddable":true,"href":"http:\/\/web.produccioneshosana.com\/index.php?rest_route=\/wp\/v2\/users\/1"}],"replies":[{"embeddable":true,"href":"http:\/\/web.produccioneshosana.com\/index.php?rest_route=%2Fwp%2Fv2%2Fcomments&post=77"}],"version-history":[{"count":50,"href":"http:\/\/web.produccioneshosana.com\/index.php?rest_route=\/wp\/v2\/pages\/77\/revisions"}],"predecessor-version":[{"id":343,"href":"http:\/\/web.produccioneshosana.com\/index.php?rest_route=\/wp\/v2\/pages\/77\/revisions\/343"}],"wp:featuredmedia":[{"embeddable":true,"href":"http:\/\/web.produccioneshosana.com\/index.php?rest_route=\/wp\/v2\/media\/92"}],"wp:attachment":[{"href":"http:\/\/web.produccioneshosana.com\/index.php?rest_route=%2Fwp%2Fv2%2Fmedia&parent=77"}],"curies":[{"name":"wp","href":"https:\/\/api.w.org\/{rel}","templated":true}]}}