{"id":297,"date":"2025-10-16T18:24:18","date_gmt":"2025-10-17T00:24:18","guid":{"rendered":"http:\/\/web.produccioneshosana.com\/?page_id=297"},"modified":"2025-10-18T03:32:38","modified_gmt":"2025-10-18T09:32:38","slug":"nuestro-equipo","status":"publish","type":"page","link":"http:\/\/web.produccioneshosana.com\/?page_id=297","title":{"rendered":"Nuestro Equipo"},"content":{"rendered":"<p>&#x1f49b;<strong> Juntos hacemos que esto suene mejor!<\/strong><\/p>\n<p style=\"text-align: justify;\">En Radio Hosana creemos que servir a Dios es mejor cuando lo hacemos en equipo Por eso, detr\u00e1s de cada transmisi\u00f3n hay un s\u00faper combo de personas apasionadas: desde el \u00e1rea t\u00e9cnica, producci\u00f3n radial, locuci\u00f3n y consejer\u00eda&#8230; \u00a1todos aportando lo mejor de s\u00ed para que el mensaje de Jes\u00fas llegue con excelencia!<\/p>\n<p style=\"text-align: justify;\">Cada talento cuenta, cada tarea suma. Porque cuando unimos fuerzas, Dios hace cosas grandes a trav\u00e9s de nosotros.<\/p>\n<p style=\"text-align: justify;\">Si Dios te dio un don, \u00a1\u00fasalo para \u00c9l! Aqu\u00ed en Radio Hosana, el trabajo en equipo es parte de nuestra adoraci\u00f3n.<\/p>\n<p style=\"text-align: justify;\">En Radio Hosana, cada \u00e1rea es una oportunidad para honrar a Dios y bendecir vidas. Y lo mejor: \u00a1lo hacemos como familia!<\/p>\n","protected":false},"excerpt":{"rendered":"<p>&#x1f49b; Juntos hacemos que esto suene mejor! En Radio Hosana creemos que servir a Dios es mejor cuando lo hacemos en equipo Por eso, detr\u00e1s de cada transmisi\u00f3n hay un s\u00faper combo de personas apasionadas: desde el \u00e1rea t\u00e9cnica, producci\u00f3n radial, locuci\u00f3n y consejer\u00eda&#8230; \u00a1todos aportando lo mejor de s\u00ed para que el mensaje de [&hellip;]<\/p>\n","protected":false},"author":1,"featured_media":0,"parent":0,"menu_order":0,"comment_status":"closed","ping_status":"closed","template":"","meta":{"footnotes":""},"class_list":["post-297","page","type-page","status-publish","hentry"],"_links":{"self":[{"href":"http:\/\/web.produccioneshosana.com\/index.php?rest_route=\/wp\/v2\/pages\/297","targetHints":{"allow":["GET"]}}],"collection":[{"href":"http:\/\/web.produccioneshosana.com\/index.php?rest_route=\/wp\/v2\/pages"}],"about":[{"href":"http:\/\/web.produccioneshosana.com\/index.php?rest_route=\/wp\/v2\/types\/page"}],"author":[{"embeddable":true,"href":"http:\/\/web.produccioneshosana.com\/index.php?rest_route=\/wp\/v2\/users\/1"}],"replies":[{"embeddable":true,"href":"http:\/\/web.produccioneshosana.com\/index.php?rest_route=%2Fwp%2Fv2%2Fcomments&post=297"}],"version-history":[{"count":11,"href":"http:\/\/web.produccioneshosana.com\/index.php?rest_route=\/wp\/v2\/pages\/297\/revisions"}],"predecessor-version":[{"id":386,"href":"http:\/\/web.produccioneshosana.com\/index.php?rest_route=\/wp\/v2\/pages\/297\/revisions\/386"}],"wp:attachment":[{"href":"http:\/\/web.produccioneshosana.com\/index.php?rest_route=%2Fwp%2Fv2%2Fmedia&parent=297"}],"curies":[{"name":"wp","href":"https:\/\/api.w.org\/{rel}","templated":true}]}}